{"id":1541,"date":"2025-07-15T13:07:12","date_gmt":"2025-07-15T10:07:12","guid":{"rendered":"http:\/\/saral.ro\/?page_id=1541"},"modified":"2025-08-14T14:31:10","modified_gmt":"2025-08-14T11:31:10","slug":"panneaux-et-elements-en-bois-pour-decoration-interieure","status":"publish","type":"page","link":"https:\/\/saral.ro\/fr\/produits\/panneaux-et-elements-en-bois-pour-decoration-interieure\/","title":{"rendered":"Panneaux et \u00e9l\u00e9ments en bois pour la d\u00e9coration int\u00e9rieure"},"content":{"rendered":"","protected":false},"excerpt":{"rendered":"","protected":false},"author":1,"featured_media":0,"parent":853,"menu_order":0,"comment_status":"closed","ping_status":"closed","template":"templates\/page-general.php","meta":{"_acf_changed":false,"inline_featured_image":false,"footnotes":""},"class_list":["post-1541","page","type-page","status-publish","hentry"],"acf":[],"yoast_head":"<!-- This site is optimized with the Yoast SEO plugin v25.7 - https:\/\/yoast.com\/wordpress\/plugins\/seo\/ -->\n<title>Panneaux et \u00e9l\u00e9ments en bois pour la d\u00e9coration int\u00e9rieure - Saral<\/title>\n<meta name=\"robots\" content=\"index, follow, max-snippet:-1, max-image-preview:large, max-video-preview:-1\" \/>\n<link rel=\"canonical\" href=\"https:\/\/saral.ro\/fr\/produits\/panneaux-et-elements-en-bois-pour-decoration-interieure\/\" \/>\n<meta property=\"og:locale\" content=\"fr_FR\" \/>\n<meta property=\"og:type\" content=\"article\" \/>\n<meta property=\"og:title\" content=\"Panneaux et \u00e9l\u00e9ments en bois pour la d\u00e9coration int\u00e9rieure - Saral\" \/>\n<meta property=\"og:url\" content=\"https:\/\/saral.ro\/fr\/produits\/panneaux-et-elements-en-bois-pour-decoration-interieure\/\" \/>\n<meta property=\"og:site_name\" content=\"Saral\" \/>\n<meta property=\"article:modified_time\" content=\"2025-08-14T11:31:10+00:00\" \/>\n<meta property=\"og:image\" content=\"https:\/\/saral.ro\/wp-content\/uploads\/2025\/07\/social.jpg\" \/>\n\t<meta property=\"og:image:width\" content=\"1200\" \/>\n\t<meta property=\"og:image:height\" content=\"620\" \/>\n\t<meta property=\"og:image:type\" content=\"image\/jpeg\" \/>\n<meta name=\"twitter:card\" content=\"summary_large_image\" \/>\n<script type=\"application\/ld+json\" class=\"yoast-schema-graph\">{\"@context\":\"https:\/\/schema.org\",\"@graph\":[{\"@type\":\"WebPage\",\"@id\":\"https:\/\/saral.ro\/fr\/produits\/panneaux-et-elements-en-bois-pour-decoration-interieure\/\",\"url\":\"https:\/\/saral.ro\/fr\/produits\/panneaux-et-elements-en-bois-pour-decoration-interieure\/\",\"name\":\"Panneaux et \u00e9l\u00e9ments en bois pour la d\u00e9coration int\u00e9rieure - Saral\",\"isPartOf\":{\"@id\":\"https:\/\/saral.ro\/fr\/#website\"},\"datePublished\":\"2025-07-15T10:07:12+00:00\",\"dateModified\":\"2025-08-14T11:31:10+00:00\",\"breadcrumb\":{\"@id\":\"https:\/\/saral.ro\/fr\/produits\/panneaux-et-elements-en-bois-pour-decoration-interieure\/#breadcrumb\"},\"inLanguage\":\"fr-FR\",\"potentialAction\":[{\"@type\":\"ReadAction\",\"target\":[\"https:\/\/saral.ro\/fr\/produits\/panneaux-et-elements-en-bois-pour-decoration-interieure\/\"]}]},{\"@type\":\"BreadcrumbList\",\"@id\":\"https:\/\/saral.ro\/fr\/produits\/panneaux-et-elements-en-bois-pour-decoration-interieure\/#breadcrumb\",\"itemListElement\":[{\"@type\":\"ListItem\",\"position\":1,\"name\":\"Page d\u2019accueil\",\"item\":\"https:\/\/saral.ro\/fr\/\"},{\"@type\":\"ListItem\",\"position\":2,\"name\":\"Produits\",\"item\":\"https:\/\/saral.ro\/fr\/produits\/\"},{\"@type\":\"ListItem\",\"position\":3,\"name\":\"Panneaux et \u00e9l\u00e9ments en bois pour la d\u00e9coration int\u00e9rieure\"}]},{\"@type\":\"WebSite\",\"@id\":\"https:\/\/saral.ro\/fr\/#website\",\"url\":\"https:\/\/saral.ro\/fr\/\",\"name\":\"Saral\",\"description\":\"\",\"publisher\":{\"@id\":\"https:\/\/saral.ro\/fr\/#organization\"},\"potentialAction\":[{\"@type\":\"SearchAction\",\"target\":{\"@type\":\"EntryPoint\",\"urlTemplate\":\"https:\/\/saral.ro\/fr\/?s={search_term_string}\"},\"query-input\":{\"@type\":\"PropertyValueSpecification\",\"valueRequired\":true,\"valueName\":\"search_term_string\"}}],\"inLanguage\":\"fr-FR\"},{\"@type\":\"Organization\",\"@id\":\"https:\/\/saral.ro\/fr\/#organization\",\"name\":\"Saral\",\"url\":\"https:\/\/saral.ro\/fr\/\",\"logo\":{\"@type\":\"ImageObject\",\"inLanguage\":\"fr-FR\",\"@id\":\"https:\/\/saral.ro\/fr\/#\/schema\/logo\/image\/\",\"url\":\"https:\/\/saral.ro\/wp-content\/uploads\/2025\/07\/screenshot.png\",\"contentUrl\":\"https:\/\/saral.ro\/wp-content\/uploads\/2025\/07\/screenshot.png\",\"width\":774,\"height\":600,\"caption\":\"Saral\"},\"image\":{\"@id\":\"https:\/\/saral.ro\/fr\/#\/schema\/logo\/image\/\"}}]}<\/script>\n<!-- \/ Yoast SEO plugin. -->","yoast_head_json":{"title":"Panneaux et \u00e9l\u00e9ments en bois pour la d\u00e9coration int\u00e9rieure - Saral","robots":{"index":"index","follow":"follow","max-snippet":"max-snippet:-1","max-image-preview":"max-image-preview:large","max-video-preview":"max-video-preview:-1"},"canonical":"https:\/\/saral.ro\/fr\/produits\/panneaux-et-elements-en-bois-pour-decoration-interieure\/","og_locale":"fr_FR","og_type":"article","og_title":"Panneaux et \u00e9l\u00e9ments en bois pour la d\u00e9coration int\u00e9rieure - Saral","og_url":"https:\/\/saral.ro\/fr\/produits\/panneaux-et-elements-en-bois-pour-decoration-interieure\/","og_site_name":"Saral","article_modified_time":"2025-08-14T11:31:10+00:00","og_image":[{"width":1200,"height":620,"url":"https:\/\/saral.ro\/wp-content\/uploads\/2025\/07\/social.jpg","type":"image\/jpeg"}],"twitter_card":"summary_large_image","schema":{"@context":"https:\/\/schema.org","@graph":[{"@type":"WebPage","@id":"https:\/\/saral.ro\/fr\/produits\/panneaux-et-elements-en-bois-pour-decoration-interieure\/","url":"https:\/\/saral.ro\/fr\/produits\/panneaux-et-elements-en-bois-pour-decoration-interieure\/","name":"Panneaux et \u00e9l\u00e9ments en bois pour la d\u00e9coration int\u00e9rieure - Saral","isPartOf":{"@id":"https:\/\/saral.ro\/fr\/#website"},"datePublished":"2025-07-15T10:07:12+00:00","dateModified":"2025-08-14T11:31:10+00:00","breadcrumb":{"@id":"https:\/\/saral.ro\/fr\/produits\/panneaux-et-elements-en-bois-pour-decoration-interieure\/#breadcrumb"},"inLanguage":"fr-FR","potentialAction":[{"@type":"ReadAction","target":["https:\/\/saral.ro\/fr\/produits\/panneaux-et-elements-en-bois-pour-decoration-interieure\/"]}]},{"@type":"BreadcrumbList","@id":"https:\/\/saral.ro\/fr\/produits\/panneaux-et-elements-en-bois-pour-decoration-interieure\/#breadcrumb","itemListElement":[{"@type":"ListItem","position":1,"name":"Page d\u2019accueil","item":"https:\/\/saral.ro\/fr\/"},{"@type":"ListItem","position":2,"name":"Produits","item":"https:\/\/saral.ro\/fr\/produits\/"},{"@type":"ListItem","position":3,"name":"Panneaux et \u00e9l\u00e9ments en bois pour la d\u00e9coration int\u00e9rieure"}]},{"@type":"WebSite","@id":"https:\/\/saral.ro\/fr\/#website","url":"https:\/\/saral.ro\/fr\/","name":"Saral","description":"","publisher":{"@id":"https:\/\/saral.ro\/fr\/#organization"},"potentialAction":[{"@type":"SearchAction","target":{"@type":"EntryPoint","urlTemplate":"https:\/\/saral.ro\/fr\/?s={search_term_string}"},"query-input":{"@type":"PropertyValueSpecification","valueRequired":true,"valueName":"search_term_string"}}],"inLanguage":"fr-FR"},{"@type":"Organization","@id":"https:\/\/saral.ro\/fr\/#organization","name":"Saral","url":"https:\/\/saral.ro\/fr\/","logo":{"@type":"ImageObject","inLanguage":"fr-FR","@id":"https:\/\/saral.ro\/fr\/#\/schema\/logo\/image\/","url":"https:\/\/saral.ro\/wp-content\/uploads\/2025\/07\/screenshot.png","contentUrl":"https:\/\/saral.ro\/wp-content\/uploads\/2025\/07\/screenshot.png","width":774,"height":600,"caption":"Saral"},"image":{"@id":"https:\/\/saral.ro\/fr\/#\/schema\/logo\/image\/"}}]}},"_links":{"self":[{"href":"https:\/\/saral.ro\/fr\/wp-json\/wp\/v2\/pages\/1541","targetHints":{"allow":["GET"]}}],"collection":[{"href":"https:\/\/saral.ro\/fr\/wp-json\/wp\/v2\/pages"}],"about":[{"href":"https:\/\/saral.ro\/fr\/wp-json\/wp\/v2\/types\/page"}],"author":[{"embeddable":true,"href":"https:\/\/saral.ro\/fr\/wp-json\/wp\/v2\/users\/1"}],"replies":[{"embeddable":true,"href":"https:\/\/saral.ro\/fr\/wp-json\/wp\/v2\/comments?post=1541"}],"version-history":[{"count":0,"href":"https:\/\/saral.ro\/fr\/wp-json\/wp\/v2\/pages\/1541\/revisions"}],"up":[{"embeddable":true,"href":"https:\/\/saral.ro\/fr\/wp-json\/wp\/v2\/pages\/853"}],"wp:attachment":[{"href":"https:\/\/saral.ro\/fr\/wp-json\/wp\/v2\/media?parent=1541"}],"curies":[{"name":"wp","href":"https:\/\/api.w.org\/{rel}","templated":true}]}}