{"id":866,"date":"2025-07-03T17:29:18","date_gmt":"2025-07-03T14:29:18","guid":{"rendered":"http:\/\/saral.ro\/politica-de-privacidad\/"},"modified":"2025-07-28T10:59:25","modified_gmt":"2025-07-28T07:59:25","slug":"politica-de-privacidad","status":"publish","type":"page","link":"https:\/\/saral.ro\/es\/politica-de-privacidad\/","title":{"rendered":"Pol\u00edtica de privacidad"},"content":{"rendered":"<div style=\"text-align: center;\">\t\t<div class=\"breadcrumbs-item\"><p id=\"breadcrumbs\"><span><span><a href=\"https:\/\/saral.ro\/es\/\">P\u00e1gina principal<\/a><\/span><\/span><\/p>\t\t<\/div><\/div>\n<h1 style=\"text-align: center;\">Pol\u00edtica de privacidad<\/h1>\n<p style=\"text-align: center;\">\u00daltima actualizaci\u00f3n: 28\/07\/2025<\/p>\n<p>&nbsp;<\/p>\n<p><strong>1. Pol\u00edtica de Cookies<\/strong><\/p>\n<p>Esta pol\u00edtica se refiere a las cookies y tecnolog\u00edas similares utilizadas, seg\u00fan corresponda, en los sitios web operados por S.C. __________ SRL con domicilio social en Calle __________.<\/p>\n<p>Las cookies se utilizan para los siguientes fines:<\/p>\n<ul>\n<li>para el funcionamiento del sitio,<\/li>\n<li>para el an\u00e1lisis del comportamiento de los visitantes del sitio,<\/li>\n<li>para publicidad.<\/li>\n<\/ul>\n<p>Esta pol\u00edtica se complementa con la pol\u00edtica de ______________________ sobre protecci\u00f3n de datos personales y los T\u00e9rminos y Condiciones del sitio.<\/p>\n<p><strong>\u00bfQu\u00e9 son las cookies?<\/strong><\/p>\n<p>Una cookie es un peque\u00f1o archivo que se almacena en el ordenador, dispositivo m\u00f3vil u otro equipo del Usuario, y que contiene informaci\u00f3n sobre \u00e9l.<\/p>\n<p>Las cookies facilitan su interacci\u00f3n con el sitio. Los sitios web son m\u00e1s seguros y r\u00e1pidos, ya que pueden recordar tus preferencias (autenticaci\u00f3n, idioma, etc.) y enviar la informaci\u00f3n que contienen al sitio web original (cookie de origen) o a otro sitio web al que pertenecen (cookie de terceros) cuando vuelves a visitar el sitio web desde el mismo dispositivo.<\/p>\n<p><strong>Tipos de cookies utilizadas<\/strong><\/p>\n<p>www.______________________ utiliza los siguientes tipos de cookies:<\/p>\n<ul>\n<li>Cookies estrictamente necesarias para el funcionamiento del sitio web: son esenciales para el correcto funcionamiento del sitio web<\/li>\n<li>Cookies de an\u00e1lisis y rendimiento: para determinar el nivel de tr\u00e1fico, el tipo de contenido visualizado e informaci\u00f3n sobre c\u00f3mo se utiliza el sitio web<\/li>\n<li>Cookies publicitarias: ofertas adaptadas a los intereses de los usuarios y publicidad relevante<\/li>\n<li>Cookies de redes sociales: te permiten compartir tu actividad en el sitio web. En redes sociales, como Facebook e Instagram.<\/li>\n<\/ul>\n<p><strong>Problemas de seguridad y privacidad<\/strong><\/p>\n<p>Los navegadores suelen tener configuraciones de privacidad integradas que ofrecen diferentes niveles de aceptaci\u00f3n de cookies, periodo de validez y eliminaci\u00f3n autom\u00e1tica despu\u00e9s de que el usuario haya visitado un sitio web en particular.<\/p>\n<p>Otros problemas de seguridad relacionados con las cookies:<\/p>\n<ul>\n<li>Personalice la configuraci\u00f3n de cookies de su navegador para que le resulte m\u00e1s c\u00f3moda.<\/li>\n<li>Si es la \u00fanica persona que usa el ordenador, puede configurar fechas de caducidad largas para almacenar el historial de navegaci\u00f3n y los datos de acceso personales, si lo desea.<\/li>\n<li>Si comparte el acceso al ordenador, puede configurar su navegador para que borre los datos de navegaci\u00f3n individuales cada vez que lo cierre. Esta es una forma de acceder a sitios que colocan cookies y eliminar la informaci\u00f3n de la visita al cerrar la sesi\u00f3n.<\/li>\n<\/ul>\n<p><strong>Control de cookies<\/strong><\/p>\n<p>Puede bloquear o eliminar las cookies mediante la configuraci\u00f3n de su navegador web o mediante un software espec\u00edfico. Normalmente, puede encontrar la configuraci\u00f3n de cookies de su navegador en los men\u00fas \u00abOpciones\u00bb, \u00abHerramientas\u00bb o \u00abPreferencias\u00bb del navegador que utiliza para acceder a nuestros sitios web.<\/p>\n<p>Puede encontrar m\u00e1s informaci\u00f3n sobre las cookies <a href=\"https:\/\/policies.google.com\/technologies\/partner-sites\" target=\"_blank\" rel=\"noopener noreferrer\">aqu\u00ed<\/a> y en la <a href=\"https:\/\/support.microsoft.com\/en-us\/help\/260971\/description-of-cookies\" target=\"_blank\" rel=\"noopener noreferrer\">Gu\u00eda de cookies de Microsoft<\/a>.<\/p>\n<p>&nbsp;<\/p>\n<p><strong>2. Pol\u00edtica de privacidad sobre el tratamiento de datos personales<\/strong><\/p>\n<p>www.______________________ es un sitio web gestionado por ______________________, entidad legal de nacionalidad rumana, con domicilio social en Calle __________, CUI __________, J__________.<\/p>\n<p>Tratamos sus datos de conformidad con el Reglamento (UE) 2016\/679 (\u00abReglamento General de Protecci\u00f3n de Datos\u00bb o \u00abRGPD\u00bb), as\u00ed como con cualquier otra legislaci\u00f3n aplicable en el territorio de Ruman\u00eda.<\/p>\n<p>A efectos de la legislaci\u00f3n de protecci\u00f3n de datos, actuamos como responsables del tratamiento de sus datos personales.<\/p>\n<p>Nos reservamos el derecho a actualizar y modificar peri\u00f3dicamente esta Pol\u00edtica de privacidad para reflejar cualquier cambio en la forma en que tratamos sus datos personales o en los requisitos legales. En caso de que se produzca alg\u00fan cambio, publicaremos la versi\u00f3n modificada de la Pol\u00edtica de Privacidad en nuestro sitio web, por lo que le pedimos que revise peri\u00f3dicamente su contenido.<\/p>\n<p>Para cualquier otra informaci\u00f3n relacionada con el tratamiento de sus datos personales, puede enviar un correo electr\u00f3nico a ______________________ o llamar al ______________________.<\/p>\n<p><strong>\u00bfQu\u00e9 categor\u00edas de datos personales tratamos?<\/strong><\/p>\n<p>En general, recopilamos sus datos personales directamente de usted, para que usted tenga control sobre el tipo de informaci\u00f3n que nos proporciona. Por ejemplo, recibimos informaci\u00f3n suya de la siguiente manera:<\/p>\n<ul>\n<li>Al realizar un pedido, nos proporciona informaci\u00f3n como: el producto deseado, su nombre y apellidos, direcci\u00f3n de entrega, datos de facturaci\u00f3n, m\u00e9todo de pago, n\u00famero de tel\u00e9fono, datos de su tarjeta bancaria, etc.<\/li>\n<li>Tambi\u00e9n podemos tratar datos personales al contactarnos por tel\u00e9fono, al suscribirse a nuestro bolet\u00edn informativo, al participar en concursos o promociones organizados por ______________________ o al informar de un problema relacionado con nuestro sitio web o nuestros productos.<\/li>\n<\/ul>\n<p>Cada vez que visita nuestros sitios web, recopilamos autom\u00e1ticamente los siguientes datos:<\/p>\n<ul>\n<li>Datos t\u00e9cnicos, por ejemplo, pueden incluir la direcci\u00f3n de Protocolo de Internet (IP) utilizada para conectar su computadora a Internet, informaci\u00f3n de inicio de sesi\u00f3n, tipo y versi\u00f3n del navegador, configuraci\u00f3n de zona horaria, tipos y versiones de extensiones (complementos) del navegador, sistema operativo y plataforma, tipo de dispositivo y marca del dispositivo m\u00f3vil; Estos datos pueden ser recopilados y procesados en nuestro nombre por cookies de terceros.<\/li>\n<li>Datos sobre su visita, por ejemplo, pueden incluir Localizadores Uniformes de Recursos (URL) completos, la secuencia de clics hacia, a trav\u00e9s y desde nuestro sitio web (incluida la fecha y la hora), la informaci\u00f3n o los productos que vio o busc\u00f3 (incluidos los art\u00edculos m\u00e1s le\u00eddos, las categor\u00edas m\u00e1s visitadas, los tiempos de respuesta de la p\u00e1gina, los errores de descarga, la duraci\u00f3n de las visitas a determinadas p\u00e1ginas (incluido el tiempo medio de permanencia en determinadas p\u00e1ginas, la visualizaci\u00f3n de determinados contenidos o v\u00eddeos), el tiempo medio de permanencia en el sitio, el n\u00famero medio de art\u00edculos vistos en nuestro sitio web, informaci\u00f3n sobre la interacci\u00f3n con la p\u00e1gina (como el desplazamiento, los clics y el uso del rat\u00f3n), los m\u00e9todos utilizados para navegar por la p\u00e1gina, datos sobre el comportamiento del usuario y cualquier n\u00famero de tel\u00e9fono utilizado para llamar o cualquier direcci\u00f3n de correo electr\u00f3nico utilizada para contactar con nuestros representantes de atenci\u00f3n al cliente.<\/li>\n<\/ul>\n<p>Tambi\u00e9n podemos recopilar y procesar posteriormente cierta informaci\u00f3n sobre su comportamiento mientras visita nuestro sitio web, con el fin de personalizar su experiencia en l\u00ednea y ofrecerle ofertas adaptadas a su perfil. Le invitamos a obtener m\u00e1s informaci\u00f3n al respecto consultando la secci\u00f3n sobre las finalidades del tratamiento. A continuaci\u00f3n.<\/p>\n<p>En nuestro sitio web, podemos almacenar y recopilar informaci\u00f3n mediante cookies y tecnolog\u00edas similares, de acuerdo con la Pol\u00edtica de Cookies.<\/p>\n<p>No recopilamos ni procesamos datos sensibles, incluidos en el Reglamento General de Protecci\u00f3n de Datos en categor\u00edas especiales de datos personales.<\/p>\n<p><strong>Fines del procesamiento de datos<\/strong><\/p>\n<p>Utilizaremos sus datos personales para los siguientes fines:<\/p>\n<ol>\n<li>Para prestarle servicios.<\/li>\n<\/ol>\n<p>Este fin general puede incluir, seg\u00fan corresponda, lo siguiente:<\/p>\n<ul>\n<li>Crear y administrar su cuenta en el sitio web www.______________________;<\/li>\n<li>Procesar pedidos, incluyendo la recepci\u00f3n, validaci\u00f3n, env\u00edo y facturaci\u00f3n;<\/li>\n<li>Resolver cancelaciones o problemas de cualquier tipo relacionados con un pedido o con los productos adquiridos;<\/li>\n<li>Devolver productos de acuerdo con las disposiciones legales;<\/li>\n<li>Reembolsar el importe Valor de los productos de acuerdo con las disposiciones legales;<\/li>\n<li>Prestar servicios de soporte, incluyendo la respuesta a sus preguntas sobre sus pedidos o los bienes y servicios ofrecidos.<\/li>\n<\/ul>\n<ol start=\"2\">\n<li>Para mejorar nuestros servicios<\/li>\n<\/ol>\n<p>Queremos ofrecerte constantemente la mejor experiencia de compra en l\u00ednea. Para ello, podemos recopilar y utilizar cierta informaci\u00f3n sobre tu comportamiento de compra.<\/p>\n<ol start=\"3\">\n<li>Para marketing<\/li>\n<\/ol>\n<p>Queremos mantenerte informado sobre las mejores ofertas de los productos que te interesan. En este sentido, podemos enviarte cualquier tipo de mensaje (como correo electr\u00f3nico, SMS, tel\u00e9fono, notificaciones push m\u00f3viles, webpush, etc.) con informaci\u00f3n general y tem\u00e1tica, informaci\u00f3n sobre productos similares o complementarios a los que has comprado, informaci\u00f3n sobre ofertas o promociones, o sobre si has mostrado inter\u00e9s en comprarlos, y podemos mostrarte recomendaciones personalizadas en el sitio web. Para ofrecerte informaci\u00f3n de tu inter\u00e9s, podemos utilizar ciertos datos sobre tu comportamiento de compra (por ejemplo, productos vistos o comprados) para crear un perfil tuyo. Siempre nos aseguramos de que estas operaciones de procesamiento se lleven a cabo de conformidad con sus derechos y libertades, y de que las decisiones tomadas en base a ellas no tengan efectos legales sobre usted ni le afecten significativamente.<\/p>\n<p>En determinadas situaciones, podemos basar nuestras actividades de marketing en nuestro inter\u00e9s leg\u00edtimo de promover y desarrollar nuestro negocio. Para fines de marketing, colaboramos con Google Analytics, Google AdWords, Mailchimp, Facebook, ________________________________________________________\u00a0<\/p>\n<p>\u00a0En cualquier situaci\u00f3n en la que utilicemos informaci\u00f3n sobre usted para nuestro inter\u00e9s leg\u00edtimo, tomamos todas las medidas necesarias para garantizar que sus derechos y libertades fundamentales no se vean afectados. Sin embargo, puede solicitarnos en cualquier momento que dejemos de procesar sus datos personales con fines de marketing y responderemos a su solicitud.<\/p>\n<ol start=\"4\">\n<li>Para proteger nuestros intereses leg\u00edtimos<\/li>\n<\/ol>\n<p>Puede haber situaciones en las que utilicemos o transmitamos informaci\u00f3n para proteger nuestros derechos y nuestro negocio. Estas pueden incluir:<\/p>\n<ul>\n<li>Medidas para proteger el sitio web y a los usuarios contra ciberataques:<\/li>\n<li>Medidas para prevenir y detectar intentos de fraude, incluida la transmisi\u00f3n de informaci\u00f3n a las autoridades p\u00fablicas competentes;<\/li>\n<li>Medidas para gestionar otros riesgos.<\/li>\n<\/ul>\n<p>La base general para este tipo de tratamiento es nuestro inter\u00e9s leg\u00edtimo en defender nuestra actividad comercial, entendi\u00e9ndose que nos aseguramos de que todas las medidas que tomamos garanticen un equilibrio entre nuestros intereses y sus derechos y libertades fundamentales. Asimismo, en determinados casos, basamos nuestro tratamiento en disposiciones legales, como la obligaci\u00f3n de garantizar la seguridad de los bienes y valores prevista por la legislaci\u00f3n aplicable en esta materia.<\/p>\n<p><strong>Durante cu\u00e1nto tiempo conservamos sus datos personales<\/strong><\/p>\n<p>Como norma general, conservaremos sus datos personales mientras no se solicite su supresi\u00f3n de la plataforma www.______________________. Puede solicitar que eliminemos cierta informaci\u00f3n en cualquier momento y cumpliremos con dichas solicitudes, sujetas a la conservaci\u00f3n de cierta informaci\u00f3n, cuando as\u00ed lo exija la legislaci\u00f3n aplicable o nuestros intereses leg\u00edtimos.<\/p>\n<p><strong>A qui\u00e9n transferimos sus datos personales<\/strong><\/p>\n<p>Cuando corresponda, podremos transferir o proporcionar acceso a algunos de sus datos personales a las siguientes categor\u00edas de destinatarios:<\/p>\n<ul>\n<li>proveedores de servicios de mensajer\u00eda<\/li>\n<li>proveedores de servicios bancarios\/de pago<\/li>\n<li>proveedores de servicios inform\u00e1ticos<\/li>\n<li>proveedores de servicios de marketing.<\/li>\n<\/ul>\n<p>La Empresa tambi\u00e9n podr\u00e1 divulgar datos personales a consultores externos (por ejemplo, abogados, contables, auditores), si es necesario.<\/p>\n<p><strong>Almacenamiento de datos personales<\/strong><\/p>\n<p>Actualmente almacenamos y procesamos sus datos personales en el territorio de Ruman\u00eda. Sin embargo, podr\u00edamos transferir algunos de sus datos personales a entidades ubicadas dentro o fuera de la Uni\u00f3n Europea, incluyendo pa\u00edses que la Comisi\u00f3n Europea no ha reconocido como dotados de un nivel adecuado de protecci\u00f3n de datos personales.<\/p>\n<p>Almacenamos sus datos en nuestros servidores y en servidores alojados por terceros (incluidos servicios en la nube de terceros, tambi\u00e9n conocidos como \u00abservicios basados en la nube\u00bb). Utilizamos medidas t\u00e9cnicas y organizativas adecuadas para proteger sus datos personales y evitar el acceso no autorizado. Hemos establecido relaciones contractuales con terceros que prestan servicios de alojamiento y estos contratos incluyen obligaciones en materia de seguridad organizativa y t\u00e9cnica de los datos personales. Usted es responsable de mantener la confidencialidad de todos los medios de autenticaci\u00f3n (por ejemplo, contrase\u00f1as) que utilice para acceder a partes de nuestro sitio web.<\/p>\n<p><strong>\u00bfQu\u00e9 derechos tiene?<\/strong><\/p>\n<p>El Reglamento General de Protecci\u00f3n de Datos reconoce una serie de derechos en relaci\u00f3n con sus datos personales. Puede solicitarnos que confirmemos si estamos tratando sus datos personales, que le proporcionemos una copia de los mismos o que los corrijamos. En determinadas circunstancias, tiene derecho a solicitarnos que los eliminemos o, en virtud del derecho a la portabilidad, a solicitarnos que le transfiramos algunos de sus datos personales a usted o a otras entidades. Tambi\u00e9n tiene derecho a oponerse a determinados tratamientos de sus datos. Datos personales (p. ej., el uso del procesamiento para fines de marketing directo o ciertas decisiones tomadas \u00fanicamente mediante procesamiento automatizado (incluida la elaboraci\u00f3n de perfiles). Cuando hayamos solicitado su consentimiento para el procesamiento de datos personales, tiene derecho a retirar este consentimiento sin consecuencias negativas para usted. Cuando procesamos sus datos personales porque tenemos un inter\u00e9s leg\u00edtimo en hacerlo, tambi\u00e9n tiene derecho a oponerse a este procesamiento. Tambi\u00e9n tiene derecho a restringir el procesamiento de sus datos personales en determinadas circunstancias. Tenga en cuenta que sus derechos descritos anteriormente pueden estar limitados en ciertas situaciones y est\u00e1n sujetos a las leyes y regulaciones de protecci\u00f3n de datos aplicables (p. ej., su derecho a oponerse al procesamiento de sus datos personales puede estar limitado cuando podemos demostrar que tenemos motivos leg\u00edtimos imperiosos para procesar sus datos personales que prevalecen sobre sus intereses).<\/p>\n<p><strong>Contacto y soporte de protecci\u00f3n de datos personales<\/strong><\/p>\n<p>Si tiene alguna pregunta o inquietud con respecto al procesamiento de sus datos personales o si desea ejercer un derecho, puede contactar con el Responsable de Privacidad de ______________________ en la direcci\u00f3n de correo electr\u00f3nico ______________________, o por tel\u00e9fono en ______________________.<\/p>\n","protected":false},"excerpt":{"rendered":"<p>Pol\u00edtica de privacidad \u00daltima actualizaci\u00f3n: 28\/07\/2025 &nbsp; 1. Pol\u00edtica de Cookies Esta pol\u00edtica se refiere a las cookies y tecnolog\u00edas similares utilizadas, seg\u00fan corresponda, en los sitios web operados por S.C. __________ SRL con domicilio social en Calle __________. Las cookies se utilizan para los siguientes fines: para el funcionamiento del sitio, para el an\u00e1lisis [&hellip;]<\/p>\n","protected":false},"author":1,"featured_media":0,"parent":0,"menu_order":0,"comment_status":"closed","ping_status":"closed","template":"","meta":{"_acf_changed":false,"inline_featured_image":false,"footnotes":""},"class_list":["post-866","page","type-page","status-publish","hentry"],"acf":[],"yoast_head":"<!-- This site is optimized with the Yoast SEO plugin v25.7 - https:\/\/yoast.com\/wordpress\/plugins\/seo\/ -->\n<title>Pol\u00edtica de privacidad - Saral<\/title>\n<meta name=\"robots\" content=\"index, follow, max-snippet:-1, max-image-preview:large, max-video-preview:-1\" \/>\n<link rel=\"canonical\" href=\"https:\/\/saral.ro\/es\/politica-de-privacidad\/\" \/>\n<meta property=\"og:locale\" content=\"es_ES\" \/>\n<meta property=\"og:type\" content=\"article\" \/>\n<meta property=\"og:title\" content=\"Pol\u00edtica de privacidad - Saral\" \/>\n<meta property=\"og:description\" content=\"Pol\u00edtica de privacidad \u00daltima actualizaci\u00f3n: 28\/07\/2025 &nbsp; 1. Pol\u00edtica de Cookies Esta pol\u00edtica se refiere a las cookies y tecnolog\u00edas similares utilizadas, seg\u00fan corresponda, en los sitios web operados por S.C. __________ SRL con domicilio social en Calle __________. Las cookies se utilizan para los siguientes fines: para el funcionamiento del sitio, para el an\u00e1lisis [&hellip;]\" \/>\n<meta property=\"og:url\" content=\"https:\/\/saral.ro\/es\/politica-de-privacidad\/\" \/>\n<meta property=\"og:site_name\" content=\"Saral\" \/>\n<meta property=\"article:modified_time\" content=\"2025-07-28T07:59:25+00:00\" \/>\n<meta property=\"og:image\" content=\"https:\/\/saral.ro\/wp-content\/uploads\/2025\/07\/social.jpg\" \/>\n\t<meta property=\"og:image:width\" content=\"1200\" \/>\n\t<meta property=\"og:image:height\" content=\"620\" \/>\n\t<meta property=\"og:image:type\" content=\"image\/jpeg\" \/>\n<meta name=\"twitter:card\" content=\"summary_large_image\" \/>\n<meta name=\"twitter:label1\" content=\"Tiempo de lectura\" \/>\n\t<meta name=\"twitter:data1\" content=\"12 minutos\" \/>\n<script type=\"application\/ld+json\" class=\"yoast-schema-graph\">{\"@context\":\"https:\/\/schema.org\",\"@graph\":[{\"@type\":\"WebPage\",\"@id\":\"https:\/\/saral.ro\/es\/politica-de-privacidad\/\",\"url\":\"https:\/\/saral.ro\/es\/politica-de-privacidad\/\",\"name\":\"Pol\u00edtica de privacidad - Saral\",\"isPartOf\":{\"@id\":\"https:\/\/saral.ro\/es\/#website\"},\"datePublished\":\"2025-07-03T14:29:18+00:00\",\"dateModified\":\"2025-07-28T07:59:25+00:00\",\"breadcrumb\":{\"@id\":\"https:\/\/saral.ro\/es\/politica-de-privacidad\/#breadcrumb\"},\"inLanguage\":\"es\",\"potentialAction\":[{\"@type\":\"ReadAction\",\"target\":[\"https:\/\/saral.ro\/es\/politica-de-privacidad\/\"]}]},{\"@type\":\"BreadcrumbList\",\"@id\":\"https:\/\/saral.ro\/es\/politica-de-privacidad\/#breadcrumb\",\"itemListElement\":[{\"@type\":\"ListItem\",\"position\":1,\"name\":\"P\u00e1gina principal\",\"item\":\"https:\/\/saral.ro\/es\/\"},{\"@type\":\"ListItem\",\"position\":2,\"name\":\"Pol\u00edtica de privacidad\"}]},{\"@type\":\"WebSite\",\"@id\":\"https:\/\/saral.ro\/es\/#website\",\"url\":\"https:\/\/saral.ro\/es\/\",\"name\":\"Saral\",\"description\":\"\",\"publisher\":{\"@id\":\"https:\/\/saral.ro\/es\/#organization\"},\"potentialAction\":[{\"@type\":\"SearchAction\",\"target\":{\"@type\":\"EntryPoint\",\"urlTemplate\":\"https:\/\/saral.ro\/es\/?s={search_term_string}\"},\"query-input\":{\"@type\":\"PropertyValueSpecification\",\"valueRequired\":true,\"valueName\":\"search_term_string\"}}],\"inLanguage\":\"es\"},{\"@type\":\"Organization\",\"@id\":\"https:\/\/saral.ro\/es\/#organization\",\"name\":\"Saral\",\"url\":\"https:\/\/saral.ro\/es\/\",\"logo\":{\"@type\":\"ImageObject\",\"inLanguage\":\"es\",\"@id\":\"https:\/\/saral.ro\/es\/#\/schema\/logo\/image\/\",\"url\":\"https:\/\/saral.ro\/wp-content\/uploads\/2025\/07\/screenshot.png\",\"contentUrl\":\"https:\/\/saral.ro\/wp-content\/uploads\/2025\/07\/screenshot.png\",\"width\":774,\"height\":600,\"caption\":\"Saral\"},\"image\":{\"@id\":\"https:\/\/saral.ro\/es\/#\/schema\/logo\/image\/\"}}]}<\/script>\n<!-- \/ Yoast SEO plugin. -->","yoast_head_json":{"title":"Pol\u00edtica de privacidad - Saral","robots":{"index":"index","follow":"follow","max-snippet":"max-snippet:-1","max-image-preview":"max-image-preview:large","max-video-preview":"max-video-preview:-1"},"canonical":"https:\/\/saral.ro\/es\/politica-de-privacidad\/","og_locale":"es_ES","og_type":"article","og_title":"Pol\u00edtica de privacidad - Saral","og_description":"Pol\u00edtica de privacidad \u00daltima actualizaci\u00f3n: 28\/07\/2025 &nbsp; 1. Pol\u00edtica de Cookies Esta pol\u00edtica se refiere a las cookies y tecnolog\u00edas similares utilizadas, seg\u00fan corresponda, en los sitios web operados por S.C. __________ SRL con domicilio social en Calle __________. Las cookies se utilizan para los siguientes fines: para el funcionamiento del sitio, para el an\u00e1lisis [&hellip;]","og_url":"https:\/\/saral.ro\/es\/politica-de-privacidad\/","og_site_name":"Saral","article_modified_time":"2025-07-28T07:59:25+00:00","og_image":[{"width":1200,"height":620,"url":"https:\/\/saral.ro\/wp-content\/uploads\/2025\/07\/social.jpg","type":"image\/jpeg"}],"twitter_card":"summary_large_image","twitter_misc":{"Tiempo de lectura":"12 minutos"},"schema":{"@context":"https:\/\/schema.org","@graph":[{"@type":"WebPage","@id":"https:\/\/saral.ro\/es\/politica-de-privacidad\/","url":"https:\/\/saral.ro\/es\/politica-de-privacidad\/","name":"Pol\u00edtica de privacidad - Saral","isPartOf":{"@id":"https:\/\/saral.ro\/es\/#website"},"datePublished":"2025-07-03T14:29:18+00:00","dateModified":"2025-07-28T07:59:25+00:00","breadcrumb":{"@id":"https:\/\/saral.ro\/es\/politica-de-privacidad\/#breadcrumb"},"inLanguage":"es","potentialAction":[{"@type":"ReadAction","target":["https:\/\/saral.ro\/es\/politica-de-privacidad\/"]}]},{"@type":"BreadcrumbList","@id":"https:\/\/saral.ro\/es\/politica-de-privacidad\/#breadcrumb","itemListElement":[{"@type":"ListItem","position":1,"name":"P\u00e1gina principal","item":"https:\/\/saral.ro\/es\/"},{"@type":"ListItem","position":2,"name":"Pol\u00edtica de privacidad"}]},{"@type":"WebSite","@id":"https:\/\/saral.ro\/es\/#website","url":"https:\/\/saral.ro\/es\/","name":"Saral","description":"","publisher":{"@id":"https:\/\/saral.ro\/es\/#organization"},"potentialAction":[{"@type":"SearchAction","target":{"@type":"EntryPoint","urlTemplate":"https:\/\/saral.ro\/es\/?s={search_term_string}"},"query-input":{"@type":"PropertyValueSpecification","valueRequired":true,"valueName":"search_term_string"}}],"inLanguage":"es"},{"@type":"Organization","@id":"https:\/\/saral.ro\/es\/#organization","name":"Saral","url":"https:\/\/saral.ro\/es\/","logo":{"@type":"ImageObject","inLanguage":"es","@id":"https:\/\/saral.ro\/es\/#\/schema\/logo\/image\/","url":"https:\/\/saral.ro\/wp-content\/uploads\/2025\/07\/screenshot.png","contentUrl":"https:\/\/saral.ro\/wp-content\/uploads\/2025\/07\/screenshot.png","width":774,"height":600,"caption":"Saral"},"image":{"@id":"https:\/\/saral.ro\/es\/#\/schema\/logo\/image\/"}}]}},"_links":{"self":[{"href":"https:\/\/saral.ro\/es\/wp-json\/wp\/v2\/pages\/866","targetHints":{"allow":["GET"]}}],"collection":[{"href":"https:\/\/saral.ro\/es\/wp-json\/wp\/v2\/pages"}],"about":[{"href":"https:\/\/saral.ro\/es\/wp-json\/wp\/v2\/types\/page"}],"author":[{"embeddable":true,"href":"https:\/\/saral.ro\/es\/wp-json\/wp\/v2\/users\/1"}],"replies":[{"embeddable":true,"href":"https:\/\/saral.ro\/es\/wp-json\/wp\/v2\/comments?post=866"}],"version-history":[{"count":0,"href":"https:\/\/saral.ro\/es\/wp-json\/wp\/v2\/pages\/866\/revisions"}],"wp:attachment":[{"href":"https:\/\/saral.ro\/es\/wp-json\/wp\/v2\/media?parent=866"}],"curies":[{"name":"wp","href":"https:\/\/api.w.org\/{rel}","templated":true}]}}