{"id":845,"date":"2025-07-03T14:48:40","date_gmt":"2025-07-03T11:48:40","guid":{"rendered":"http:\/\/saral.ro\/?page_id=845"},"modified":"2025-08-25T13:51:17","modified_gmt":"2025-08-25T10:51:17","slug":"sobre-nosotros","status":"publish","type":"page","link":"https:\/\/saral.ro\/es\/sobre-nosotros\/","title":{"rendered":"Sobre nosotros"},"content":{"rendered":"","protected":false},"excerpt":{"rendered":"","protected":false},"author":1,"featured_media":0,"parent":0,"menu_order":0,"comment_status":"closed","ping_status":"closed","template":"templates\/page-general.php","meta":{"_acf_changed":false,"inline_featured_image":false,"footnotes":""},"class_list":["post-845","page","type-page","status-publish","hentry"],"acf":[],"yoast_head":"<!-- This site is optimized with the Yoast SEO plugin v25.7 - https:\/\/yoast.com\/wordpress\/plugins\/seo\/ -->\n<title>Sobre SARAL \u2013 M\u00e1s de 25 a\u00f1os de experiencia en madera<\/title>\n<meta name=\"description\" content=\"Conoce la historia de SARAL: tradici\u00f3n, innovaci\u00f3n y respeto por la madera. Desde el tronco hasta el producto final, con control total y calidad garantizada.\" \/>\n<meta name=\"robots\" content=\"index, follow, max-snippet:-1, max-image-preview:large, max-video-preview:-1\" \/>\n<link rel=\"canonical\" href=\"https:\/\/saral.ro\/es\/sobre-nosotros\/\" \/>\n<meta property=\"og:locale\" content=\"es_ES\" \/>\n<meta property=\"og:type\" content=\"article\" \/>\n<meta property=\"og:title\" content=\"Sobre SARAL \u2013 M\u00e1s de 25 a\u00f1os de experiencia en madera\" \/>\n<meta property=\"og:description\" content=\"Conoce la historia de SARAL: tradici\u00f3n, innovaci\u00f3n y respeto por la madera. Desde el tronco hasta el producto final, con control total y calidad garantizada.\" \/>\n<meta property=\"og:url\" content=\"https:\/\/saral.ro\/es\/sobre-nosotros\/\" \/>\n<meta property=\"og:site_name\" content=\"Saral\" \/>\n<meta property=\"article:modified_time\" content=\"2025-08-25T10:51:17+00:00\" \/>\n<meta property=\"og:image\" content=\"https:\/\/saral.ro\/wp-content\/uploads\/2025\/07\/social.jpg\" \/>\n\t<meta property=\"og:image:width\" content=\"1200\" \/>\n\t<meta property=\"og:image:height\" content=\"620\" \/>\n\t<meta property=\"og:image:type\" content=\"image\/jpeg\" \/>\n<meta name=\"twitter:card\" content=\"summary_large_image\" \/>\n<script type=\"application\/ld+json\" class=\"yoast-schema-graph\">{\"@context\":\"https:\/\/schema.org\",\"@graph\":[{\"@type\":\"WebPage\",\"@id\":\"https:\/\/saral.ro\/es\/sobre-nosotros\/\",\"url\":\"https:\/\/saral.ro\/es\/sobre-nosotros\/\",\"name\":\"Sobre SARAL \u2013 M\u00e1s de 25 a\u00f1os de experiencia en madera\",\"isPartOf\":{\"@id\":\"https:\/\/saral.ro\/es\/#website\"},\"datePublished\":\"2025-07-03T11:48:40+00:00\",\"dateModified\":\"2025-08-25T10:51:17+00:00\",\"description\":\"Conoce la historia de SARAL: tradici\u00f3n, innovaci\u00f3n y respeto por la madera. Desde el tronco hasta el producto final, con control total y calidad garantizada.\",\"breadcrumb\":{\"@id\":\"https:\/\/saral.ro\/es\/sobre-nosotros\/#breadcrumb\"},\"inLanguage\":\"es\",\"potentialAction\":[{\"@type\":\"ReadAction\",\"target\":[\"https:\/\/saral.ro\/es\/sobre-nosotros\/\"]}]},{\"@type\":\"BreadcrumbList\",\"@id\":\"https:\/\/saral.ro\/es\/sobre-nosotros\/#breadcrumb\",\"itemListElement\":[{\"@type\":\"ListItem\",\"position\":1,\"name\":\"P\u00e1gina principal\",\"item\":\"https:\/\/saral.ro\/es\/\"},{\"@type\":\"ListItem\",\"position\":2,\"name\":\"Sobre nosotros\"}]},{\"@type\":\"WebSite\",\"@id\":\"https:\/\/saral.ro\/es\/#website\",\"url\":\"https:\/\/saral.ro\/es\/\",\"name\":\"Saral\",\"description\":\"\",\"publisher\":{\"@id\":\"https:\/\/saral.ro\/es\/#organization\"},\"potentialAction\":[{\"@type\":\"SearchAction\",\"target\":{\"@type\":\"EntryPoint\",\"urlTemplate\":\"https:\/\/saral.ro\/es\/?s={search_term_string}\"},\"query-input\":{\"@type\":\"PropertyValueSpecification\",\"valueRequired\":true,\"valueName\":\"search_term_string\"}}],\"inLanguage\":\"es\"},{\"@type\":\"Organization\",\"@id\":\"https:\/\/saral.ro\/es\/#organization\",\"name\":\"Saral\",\"url\":\"https:\/\/saral.ro\/es\/\",\"logo\":{\"@type\":\"ImageObject\",\"inLanguage\":\"es\",\"@id\":\"https:\/\/saral.ro\/es\/#\/schema\/logo\/image\/\",\"url\":\"https:\/\/saral.ro\/wp-content\/uploads\/2025\/07\/screenshot.png\",\"contentUrl\":\"https:\/\/saral.ro\/wp-content\/uploads\/2025\/07\/screenshot.png\",\"width\":774,\"height\":600,\"caption\":\"Saral\"},\"image\":{\"@id\":\"https:\/\/saral.ro\/es\/#\/schema\/logo\/image\/\"}}]}<\/script>\n<!-- \/ Yoast SEO plugin. -->","yoast_head_json":{"title":"Sobre SARAL \u2013 M\u00e1s de 25 a\u00f1os de experiencia en madera","description":"Conoce la historia de SARAL: tradici\u00f3n, innovaci\u00f3n y respeto por la madera. Desde el tronco hasta el producto final, con control total y calidad garantizada.","robots":{"index":"index","follow":"follow","max-snippet":"max-snippet:-1","max-image-preview":"max-image-preview:large","max-video-preview":"max-video-preview:-1"},"canonical":"https:\/\/saral.ro\/es\/sobre-nosotros\/","og_locale":"es_ES","og_type":"article","og_title":"Sobre SARAL \u2013 M\u00e1s de 25 a\u00f1os de experiencia en madera","og_description":"Conoce la historia de SARAL: tradici\u00f3n, innovaci\u00f3n y respeto por la madera. Desde el tronco hasta el producto final, con control total y calidad garantizada.","og_url":"https:\/\/saral.ro\/es\/sobre-nosotros\/","og_site_name":"Saral","article_modified_time":"2025-08-25T10:51:17+00:00","og_image":[{"width":1200,"height":620,"url":"https:\/\/saral.ro\/wp-content\/uploads\/2025\/07\/social.jpg","type":"image\/jpeg"}],"twitter_card":"summary_large_image","schema":{"@context":"https:\/\/schema.org","@graph":[{"@type":"WebPage","@id":"https:\/\/saral.ro\/es\/sobre-nosotros\/","url":"https:\/\/saral.ro\/es\/sobre-nosotros\/","name":"Sobre SARAL \u2013 M\u00e1s de 25 a\u00f1os de experiencia en madera","isPartOf":{"@id":"https:\/\/saral.ro\/es\/#website"},"datePublished":"2025-07-03T11:48:40+00:00","dateModified":"2025-08-25T10:51:17+00:00","description":"Conoce la historia de SARAL: tradici\u00f3n, innovaci\u00f3n y respeto por la madera. Desde el tronco hasta el producto final, con control total y calidad garantizada.","breadcrumb":{"@id":"https:\/\/saral.ro\/es\/sobre-nosotros\/#breadcrumb"},"inLanguage":"es","potentialAction":[{"@type":"ReadAction","target":["https:\/\/saral.ro\/es\/sobre-nosotros\/"]}]},{"@type":"BreadcrumbList","@id":"https:\/\/saral.ro\/es\/sobre-nosotros\/#breadcrumb","itemListElement":[{"@type":"ListItem","position":1,"name":"P\u00e1gina principal","item":"https:\/\/saral.ro\/es\/"},{"@type":"ListItem","position":2,"name":"Sobre nosotros"}]},{"@type":"WebSite","@id":"https:\/\/saral.ro\/es\/#website","url":"https:\/\/saral.ro\/es\/","name":"Saral","description":"","publisher":{"@id":"https:\/\/saral.ro\/es\/#organization"},"potentialAction":[{"@type":"SearchAction","target":{"@type":"EntryPoint","urlTemplate":"https:\/\/saral.ro\/es\/?s={search_term_string}"},"query-input":{"@type":"PropertyValueSpecification","valueRequired":true,"valueName":"search_term_string"}}],"inLanguage":"es"},{"@type":"Organization","@id":"https:\/\/saral.ro\/es\/#organization","name":"Saral","url":"https:\/\/saral.ro\/es\/","logo":{"@type":"ImageObject","inLanguage":"es","@id":"https:\/\/saral.ro\/es\/#\/schema\/logo\/image\/","url":"https:\/\/saral.ro\/wp-content\/uploads\/2025\/07\/screenshot.png","contentUrl":"https:\/\/saral.ro\/wp-content\/uploads\/2025\/07\/screenshot.png","width":774,"height":600,"caption":"Saral"},"image":{"@id":"https:\/\/saral.ro\/es\/#\/schema\/logo\/image\/"}}]}},"_links":{"self":[{"href":"https:\/\/saral.ro\/es\/wp-json\/wp\/v2\/pages\/845","targetHints":{"allow":["GET"]}}],"collection":[{"href":"https:\/\/saral.ro\/es\/wp-json\/wp\/v2\/pages"}],"about":[{"href":"https:\/\/saral.ro\/es\/wp-json\/wp\/v2\/types\/page"}],"author":[{"embeddable":true,"href":"https:\/\/saral.ro\/es\/wp-json\/wp\/v2\/users\/1"}],"replies":[{"embeddable":true,"href":"https:\/\/saral.ro\/es\/wp-json\/wp\/v2\/comments?post=845"}],"version-history":[{"count":2,"href":"https:\/\/saral.ro\/es\/wp-json\/wp\/v2\/pages\/845\/revisions"}],"predecessor-version":[{"id":2399,"href":"https:\/\/saral.ro\/es\/wp-json\/wp\/v2\/pages\/845\/revisions\/2399"}],"wp:attachment":[{"href":"https:\/\/saral.ro\/es\/wp-json\/wp\/v2\/media?parent=845"}],"curies":[{"name":"wp","href":"https:\/\/api.w.org\/{rel}","templated":true}]}}