{"id":865,"date":"2025-07-03T17:29:18","date_gmt":"2025-07-03T14:29:18","guid":{"rendered":"http:\/\/saral.ro\/datenschutzrichtlinie\/"},"modified":"2025-07-28T10:52:14","modified_gmt":"2025-07-28T07:52:14","slug":"datenschutzrichtlinie","status":"publish","type":"page","link":"https:\/\/saral.ro\/de\/datenschutzrichtlinie\/","title":{"rendered":"Datenschutzrichtlinie"},"content":{"rendered":"<div style=\"text-align: center;\">\t\t<div class=\"breadcrumbs-item\"><p id=\"breadcrumbs\"><span><span><a href=\"https:\/\/saral.ro\/de\/\">Startseite<\/a><\/span><\/span><\/p>\t\t<\/div><\/div>\n<h1 style=\"text-align: center;\">Datenschutzrichtlinie<\/h1>\n<p style=\"text-align: center;\">Letzte Aktualisierung: 28.07.2025<\/p>\n<p>&nbsp;<\/p>\n<p>&nbsp;<\/p>\n<p><strong>1. Cookie-Richtlinie<\/strong><\/p>\n<p>Diese Richtlinie bezieht sich auf Cookies und \u00e4hnliche Technologien, die gegebenenfalls auf Websites der S.C. __________ SRL mit Sitz in Stra\u00dfe __________ verwendet werden.<\/p>\n<p>Cookies werden f\u00fcr folgende Zwecke verwendet:<\/p>\n<ul>\n<li>f\u00fcr den Betrieb der Website,<\/li>\n<li>zur Analyse des Verhaltens der Website-Besucher,<\/li>\n<li>f\u00fcr Werbung.<\/li>\n<\/ul>\n<p>Diese Richtlinie wird erg\u00e4nzt durch die ______________________ Richtlinie zum Schutz personenbezogener Daten und die Nutzungsbedingungen der Website.<\/p>\n<p><strong>Was sind Cookies?<\/strong><\/p>\n<p>Ein Cookie ist eine kleine Datei, die auf dem Computer, Mobilger\u00e4t oder einem anderen Ger\u00e4t des Nutzers gespeichert wird und Informationen dar\u00fcber enth\u00e4lt.<\/p>\n<p>Cookies erleichtern Ihre Interaktion mit der Website. Die Nutzung von Websites ist sicherer und schneller, da sich diese Ihre Pr\u00e4ferenzen (Authentifizierung, Sprache usw.) merken und die darin enthaltenen Informationen an die urspr\u00fcngliche Website (Erstanbieter-Cookie) oder eine andere zugeh\u00f6rige Website (Drittanbieter-Cookie) zur\u00fccksenden, wenn Sie die Website mit demselben Endger\u00e4t erneut besuchen.<\/p>\n<p><strong>Verwendete Cookie-Arten<\/strong><\/p>\n<p>www.______________________ verwendet die folgenden Cookie-Arten:<\/p>\n<ul>\n<li>F\u00fcr das Funktionieren der Website unbedingt erforderliche Cookies \u2013 sind f\u00fcr das ordnungsgem\u00e4\u00dfe Funktionieren der Website unerl\u00e4sslich.<\/li>\n<li>Analyse- und Leistungs-Cookies \u2013 zur Ermittlung des Datenverkehrs, der Art der angezeigten Inhalte und der Nutzung der Website.<\/li>\n<li>Werbe-Cookies \u2013 bieten auf die Interessen der Nutzer zugeschnittene Angebote und bieten relevante Werbung f\u00fcr den Nutzer.<\/li>\n<li>Social-Media-Cookies \u2013 erm\u00f6glichen das Teilen Ihrer Aktivit\u00e4ten auf der Website. in sozialen Netzwerken wie Facebook und Instagram.<\/li>\n<\/ul>\n<p><strong>Sicherheits- und Datenschutzprobleme<\/strong><\/p>\n<p>Browser verf\u00fcgen in der Regel \u00fcber integrierte Datenschutzeinstellungen, die unterschiedliche Stufen der Cookie-Akzeptanz, G\u00fcltigkeitsdauer und automatische L\u00f6schung nach dem Besuch einer bestimmten Website erm\u00f6glichen.<\/p>\n<p>Weitere Sicherheitsprobleme im Zusammenhang mit Cookies:<\/p>\n<ul>\n<li>Passen Sie Ihre Browsereinstellungen f\u00fcr Cookies an Ihren Komfort an.<\/li>\n<li>Wenn Sie den Computer alleine nutzen, k\u00f6nnen Sie auf Wunsch lange Ablaufdaten f\u00fcr die Speicherung des Browserverlaufs und Ihrer pers\u00f6nlichen Zugangsdaten festlegen.<\/li>\n<li>Wenn Sie den Computer gemeinsam nutzen, k\u00f6nnen Sie Ihren Browser so einstellen, dass Ihre Browserdaten bei jedem Schlie\u00dfen gel\u00f6scht werden. So k\u00f6nnen Sie auf Websites zugreifen, die Cookies setzen, und alle Besuchsinformationen nach dem Schlie\u00dfen Ihrer Sitzung l\u00f6schen.<\/li>\n<\/ul>\n<p><strong>Cookies verwalten<\/strong><\/p>\n<p>Sie k\u00f6nnen Cookies entweder \u00fcber die Einstellungen Ihres Webbrowsers oder mithilfe spezieller Software blockieren oder entfernen. Ihre Cookie-bezogenen Browsereinstellungen finden Sie in der Regel in den Men\u00fcs \u201eOptionen\u201c, \u201eExtras\u201c oder \u201eEinstellungen\u201c des Webbrowsers, den Sie f\u00fcr den Zugriff auf unsere Websites verwenden.<\/p>\n<p>Weitere Informationen zu Cookies finden Sie <a href=\"https:\/\/policies.google.com\/technologies\/partner-sites\" target=\"_blank\" rel=\"noopener noreferrer\">hier<\/a> und im <a href=\"https:\/\/support.microsoft.com\/en-us\/help\/260971\/description-of-cookies\" target=\"_blank\" rel=\"noopener noreferrer\">Microsoft-Cookie-Leitfaden<\/a>.<\/p>\n<p>&nbsp;<\/p>\n<p><strong>2. Datenschutzerkl\u00e4rung zur Verarbeitung personenbezogener Daten<\/strong><\/p>\n<p>www.______________________ ist eine Website, die von ______________________, einer juristischen Person rum\u00e4nischer Staatsangeh\u00f6rigkeit mit Sitz in Stra\u00dfe __________, CUI __________, J__________, betrieben wird.<\/p>\n<p>Wir verarbeiten Ihre Daten gem\u00e4\u00df der Verordnung (EU) 2016\/679 (\u201eDatenschutz-Grundverordnung\u201c oder \u201eDSGVO\u201c) sowie allen anderen in Rum\u00e4nien geltenden Gesetzen.<\/p>\n<p>Im Sinne der Datenschutzgesetze sind wir Verantwortlicher f\u00fcr die Verarbeitung Ihrer personenbezogenen Daten.<\/p>\n<p>Wir behalten uns das Recht vor, diese Datenschutzerkl\u00e4rung regelm\u00e4\u00dfig zu aktualisieren und anzupassen, um \u00c4nderungen in der Verarbeitung Ihrer personenbezogenen Daten oder \u00c4nderungen der gesetzlichen Anforderungen Rechnung zu tragen. Im Falle einer solchen \u00c4nderung ver\u00f6ffentlichen wir die ge\u00e4nderte Version der Datenschutzrichtlinie auf unserer Website. Wir bitten Sie daher, den Inhalt dieser Datenschutzrichtlinie regelm\u00e4\u00dfig zu \u00fcberpr\u00fcfen.<\/p>\n<p>F\u00fcr weitere Informationen zur Verarbeitung Ihrer personenbezogenen Daten k\u00f6nnen Sie eine E-Mail an ______________________ senden oder uns unter ______________________ anrufen.<\/p>\n<p><strong>Welche Kategorien personenbezogener Daten verarbeiten wir?<\/strong><\/p>\n<p>Im Allgemeinen erheben wir Ihre personenbezogenen Daten direkt von Ihnen, sodass Sie die Kontrolle dar\u00fcber haben, welche Informationen Sie uns zur Verf\u00fcgung stellen. Beispielsweise erhalten wir folgende Informationen von Ihnen:<\/p>\n<ul>\n<li>Wenn Sie eine Bestellung aufgeben, \u00fcbermitteln Sie uns Informationen wie das gew\u00fcnschte Produkt, Ihren Vor- und Nachnamen, Ihre Lieferadresse, Rechnungsdaten, Zahlungsmethode, Telefonnummer, Bankkartendaten usw.<\/li>\n<li>Wir k\u00f6nnen personenbezogene Daten auch verarbeiten, wenn Sie telefonisch mit uns korrespondieren, unseren Newsletter abonnieren, an von ______________________ organisierten Wettbewerben oder Werbeaktionen teilnehmen oder ein Problem im Zusammenhang mit unserer Website\/unseren Produkten melden.<\/li>\n<\/ul>\n<p>Bei jedem Besuch unserer Websites erfassen wir automatisch die folgenden Daten:<\/p>\n<ul>\n<li>Technische Daten, z. B. die Internetprotokoll-Adresse (IP-Adresse), die f\u00fcr die Verbindung Ihres Computers mit dem Internet verwendet wird, Anmeldeinformationen, Browsertyp und -version, Zeitzoneneinstellung, Arten und Versionen von Browsererweiterungen (Plug-ins), Betriebssystem und Plattform, Ger\u00e4tetyp und Marke des Mobilger\u00e4ts; Diese Daten k\u00f6nnen in unserem Auftrag durch Cookies von Drittanbietern erhoben und verarbeitet werden.<\/li>\n<li>Daten \u00fcber Ihren Besuch, z. B. vollst\u00e4ndige Uniform Resource Locators (URLs), die Klickfolge zu, durch und von unserer Website (einschlie\u00dflich Datum und Uhrzeit), die von Ihnen angesehenen oder gesuchten Informationen oder Produkte (einschlie\u00dflich meistgelesener Artikel, meistbesuchter Kategorien, Seitenantwortzeiten, Downloadfehler, Dauer der Besuche auf bestimmten Seiten (einschlie\u00dflich der durchschnittlichen Verweildauer auf bestimmten Seiten, der Anzeige bestimmter Inhalte oder Videos), der durchschnittlichen Verweildauer auf der Website, der durchschnittlichen Anzahl der auf unserer Website angesehenen Artikel, Informationen zur Seiteninteraktion (wie Scrollen, Klicken und Mouseover), Methoden zur Seitennavigation, Daten zum Nutzerverhalten und die f\u00fcr Anrufe verwendete Telefonnummer oder E-Mail-Adresse, \u00fcber die Sie unseren Kundendienst kontaktieren.<\/li>\n<\/ul>\n<p>Wir k\u00f6nnen au\u00dferdem bestimmte Informationen \u00fcber Ihr Verhalten w\u00e4hrend Ihres Besuchs auf unserer Website erheben und anschlie\u00dfend verarbeiten, um Ihr Online-Erlebnis zu personalisieren und Ihnen auf Ihr Profil zugeschnittene Angebote zu unterbreiten. Weitere Informationen hierzu finden Sie im Abschnitt zu den Verarbeitungszwecken weiter unten.<\/p>\n<p>Auf unserer Website verwenden wir kann gem\u00e4\u00df der Cookie-Richtlinie Informationen in Cookies und \u00e4hnlichen Technologien speichern und sammeln.<\/p>\n<p>Wir erheben oder verarbeiten keine sensiblen Daten, die in der Datenschutz-Grundverordnung als besondere Kategorien personenbezogener Daten erfasst sind.<\/p>\n<p><strong>Zwecke der Datenverarbeitung<\/strong><\/p>\n<p>Wir verwenden Ihre personenbezogenen Daten f\u00fcr folgende Zwecke:<\/p>\n<ol>\n<li>Um Ihnen Dienstleistungen zu erbringen.<\/li>\n<\/ol>\n<p>Dieser allgemeine Zweck kann gegebenenfalls Folgendes umfassen:<\/p>\n<ul>\n<li>Erstellen und Verwalten Ihres Kontos auf der Website www.______________________;<\/li>\n<li>Bearbeitung von Bestellungen, einschlie\u00dflich Annahme, Validierung, Versand und Rechnungsstellung;<\/li>\n<li>L\u00f6sung von Stornierungen oder Problemen jeglicher Art im Zusammenhang mit einer Bestellung oder den gekauften Waren;<\/li>\n<li>R\u00fcckgabe von Produkten gem\u00e4\u00df den gesetzlichen Bestimmungen;<\/li>\n<li>R\u00fcckerstattung des Warenwerts gem\u00e4\u00df den gesetzlichen Bestimmungen Bestimmungen;<\/li>\n<li>Bereitstellung von Supportleistungen, einschlie\u00dflich der Beantwortung Ihrer Fragen zu Ihren Bestellungen oder den angebotenen Waren und Dienstleistungen.<\/li>\n<\/ul>\n<ol start=\"2\">\n<li>Zur Verbesserung unserer Dienstleistungen<\/li>\n<\/ol>\n<p>Wir m\u00f6chten Ihnen stets das beste Online-Einkaufserlebnis bieten. Zu diesem Zweck erheben und nutzen wir m\u00f6glicherweise bestimmte Informationen \u00fcber Ihr Einkaufsverhalten.<\/p>\n<ol start=\"3\">\n<li>F\u00fcr Marketingzwecke<\/li>\n<\/ol>\n<p>Wir m\u00f6chten Sie \u00fcber die besten Angebote f\u00fcr die Produkte informieren, die Sie interessieren. Zu diesem Zweck senden wir Ihnen m\u00f6glicherweise Nachrichten (z. B. per E-Mail, SMS, Telefon, Mobile Push, WebPush usw.) mit allgemeinen und thematischen Informationen, Informationen \u00fcber \u00e4hnliche oder erg\u00e4nzende Produkte zu den von Ihnen gekauften, Informationen zu Angeboten oder Aktionen oder Informationen, die Ihr Kaufinteresse best\u00e4tigen. Wir k\u00f6nnen Ihnen auch personalisierte Empfehlungen auf der Website anzeigen. Um Ihnen Informationen zukommen zu lassen, die f\u00fcr Sie von Interesse sind, verwenden wir m\u00f6glicherweise bestimmte Daten \u00fcber Ihr K\u00e4uferverhalten (z. B. angesehene\/gekaufte Produkte), um ein Profil von Ihnen zu erstellen. Wir stellen stets sicher, dass diese Verarbeitungsvorg\u00e4nge unter Wahrung Ihrer Rechte und Freiheiten erfolgen und dass die auf dieser Grundlage getroffenen Entscheidungen keine Rechtswirkungen f\u00fcr Sie haben und Sie nicht in \u00e4hnlicher Weise erheblich beeintr\u00e4chtigen.<\/p>\n<p>In bestimmten Situationen st\u00fctzen wir unsere Marketingaktivit\u00e4ten auf unser berechtigtes Interesse an der F\u00f6rderung und Entwicklung unseres Gesch\u00e4fts. Zu Marketingzwecken arbeiten wir mit Google Analytics, Google AdWords, Mailchimp, Facebook, ________________________________________________________\u00a0<\/p>\n<p>\u00a0In allen Situationen, in denen wir Informationen \u00fcber Sie f\u00fcr unser berechtigtes Interesse verwenden, achten wir sorgf\u00e4ltig darauf und ergreifen alle notwendigen Ma\u00dfnahmen, um sicherzustellen, dass Ihre Grundrechte und -freiheiten nicht beeintr\u00e4chtigt werden. Sie k\u00f6nnen uns jedoch jederzeit auffordern, die Verarbeitung Ihrer personenbezogenen Daten f\u00fcr Marketingzwecke einzustellen. Wir werden Ihrem Wunsch nachkommen.<\/p>\n<ol start=\"4\">\n<li>Zum Schutz unserer berechtigten Interessen<\/li>\n<\/ol>\n<p>Es kann Situationen geben, in denen wir Informationen zum Schutz unserer Rechte und unseres Gesch\u00e4fts verwenden oder weitergeben. Hierzu k\u00f6nnen geh\u00f6ren:<\/p>\n<ul>\n<li>Ma\u00dfnahmen zum Schutz der Website und der Nutzer vor Cyberangriffen:<\/li>\n<li>Ma\u00dfnahmen zur Verhinderung und Aufdeckung von Betrugsversuchen, einschlie\u00dflich der \u00dcbermittlung von Informationen an die zust\u00e4ndigen Beh\u00f6rden;<\/li>\n<li>Ma\u00dfnahmen zum Management verschiedener anderer Risiken.<\/li>\n<\/ul>\n<p>Grundlage f\u00fcr diese Verarbeitung ist unser berechtigtes Interesse an der Verteidigung unserer Gesch\u00e4ftst\u00e4tigkeit. Dabei stellen wir sicher, dass alle von uns ergriffenen Ma\u00dfnahmen ein Gleichgewicht zwischen unseren Interessen und Ihren Grundrechten und -freiheiten gew\u00e4hrleisten.<\/p>\n<p>In bestimmten F\u00e4llen st\u00fctzen wir unsere Verarbeitung zudem auf gesetzliche Bestimmungen, beispielsweise die Verpflichtung zur Gew\u00e4hrleistung der Sicherheit von G\u00fctern und Werten gem\u00e4\u00df den geltenden Gesetzen.<\/p>\n<p><strong>Wie lange wir Ihre personenbezogenen Daten speichern<\/strong><\/p>\n<p>Wir speichern Ihre personenbezogenen Daten grunds\u00e4tzlich so lange, bis wir Sie auffordern, sie von der Plattform www.______________________ zu l\u00f6schen. Sie k\u00f6nnen uns jederzeit auffordern, bestimmte Informationen zu l\u00f6schen. Wir werden diesen Aufforderungen unter Vorbehalt der Aufbewahrung bestimmter Informationen nachkommen, sofern geltende Gesetze oder unsere berechtigten Interessen dies erfordern.<\/p>\n<p><strong>An wen wir Ihre personenbezogenen Daten \u00fcbermitteln<\/strong><\/p>\n<p>Gegebenenfalls \u00fcbermitteln wir Ihre personenbezogenen Daten an folgende Empf\u00e4ngerkategorien:<\/p>\n<ul>\n<li>Kurierdienstleister<\/li>\n<li>Zahlungs-\/Bankdienstleister<\/li>\n<li>IT-Dienstleister<\/li>\n<li>Marketingdienstleister<\/li>\n<\/ul>\n<p>Das Unternehmen kann personenbezogene Daten bei Bedarf auch an externe Berater (z. B. Anw\u00e4lte, Buchhalter, Wirtschaftspr\u00fcfer) weitergeben.<\/p>\n<p><strong>Speicherung personenbezogener Daten<\/strong><\/p>\n<p>Wir speichern und verarbeiten Ihre personenbezogenen Daten derzeit in Rum\u00e4nien. Es ist jedoch m\u00f6glich, dass wir bestimmte Ihrer Daten \u00fcbermitteln. personenbezogene Daten an Stellen innerhalb und au\u00dferhalb der Europ\u00e4ischen Union, einschlie\u00dflich L\u00e4ndern, deren Schutzniveau f\u00fcr personenbezogene Daten von der Europ\u00e4ischen Kommission nicht anerkannt wurde, weitergeben.<\/p>\n<p>Wir speichern Ihre Daten auf unseren Servern und auf Servern von Drittanbietern (einschlie\u00dflich Cloud-Diensten von Drittanbietern \u2013 \u201eCloud-basierte Dienste\u201c). Wir treffen geeignete technische und organisatorische Ma\u00dfnahmen, um Ihre personenbezogenen Daten zu sch\u00fctzen und unbefugten Zugriff zu verhindern. Wir haben mit Drittanbietern, die Hosting-Dienste anbieten, vertragliche Beziehungen geschlossen, die Verpflichtungen zur organisatorischen und technischen Sicherheit personenbezogener Daten beinhalten. Sie sind f\u00fcr die Wahrung der Vertraulichkeit aller Authentifizierungsmittel (z. B. Passw\u00f6rter) verantwortlich, die Sie f\u00fcr den Zugriff auf Teile unserer Website verwenden.<\/p>\n<p><strong>Welche Rechte haben Sie?<\/strong><\/p>\n<p>Die Datenschutz-Grundverordnung gew\u00e4hrt Ihnen eine Reihe von Rechten in Bezug auf Ihre personenbezogenen Daten.<\/p>\n<p>Sie k\u00f6nnen von uns eine Best\u00e4tigung dar\u00fcber verlangen, ob Ihre personenbezogenen Daten von uns verarbeitet werden, Ihnen eine Kopie Ihrer personenbezogenen Daten zur Verf\u00fcgung stellen und\/oder diese korrigieren lassen. Unter bestimmten Umst\u00e4nden haben Sie das Recht, die L\u00f6schung Ihrer personenbezogenen Daten zu verlangen oder, basierend auf dem Recht auf Daten\u00fcbertragbarkeit, die \u00dcbermittlung einiger Ihrer personenbezogenen Daten an Sie oder andere Stellen zu verlangen.<\/p>\n<p>Sie haben au\u00dferdem das Recht, bestimmten Verarbeitungen Ihrer personenbezogenen Daten zu widersprechen (z. B. der Nutzung der Verarbeitung f\u00fcr Direktmarketingzwecke oder bestimmten Entscheidungen, die ausschlie\u00dflich durch automatisierte Verarbeitung (einschlie\u00dflich Profiling) getroffen werden). Wenn wir Sie um Ihre Einwilligung zur Verarbeitung Ihrer personenbezogenen Daten gebeten haben, haben Sie das Recht, diese Einwilligung ohne negative Auswirkungen f\u00fcr Sie zu widerrufen. Wenn wir Ihre personenbezogenen Daten verarbeiten, weil wir ein berechtigtes Interesse daran haben, haben Sie ebenfalls das Recht, dieser Verarbeitung zu widersprechen. Sie haben au\u00dferdem das Recht, die Verarbeitung Ihrer personenbezogenen Daten unter bestimmten Umst\u00e4nden einzuschr\u00e4nken. Bitte beachten Sie, dass Ihre oben beschriebenen Rechte in bestimmten Situationen eingeschr\u00e4nkt sein k\u00f6nnen und den geltenden Datenschutzgesetzen und -vorschriften unterliegen. (Beispielsweise kann Ihr Widerspruchsrecht gegen die Verarbeitung Ihrer personenbezogenen Daten eingeschr\u00e4nkt sein, wenn wir nachweisen k\u00f6nnen, dass wir zwingende schutzw\u00fcrdige Gr\u00fcnde f\u00fcr die Verarbeitung Ihrer personenbezogenen Daten haben, die Ihre Interessen \u00fcberwiegen.<\/p>\n<p><strong>Kontakt und Support bez\u00fcglich personenbezogener Daten Datenschutz<\/strong><\/p>\n<p>Bei Fragen oder Bedenken bez\u00fcglich der Verarbeitung Ihrer personenbezogenen Daten oder zur Aus\u00fcbung eines Rechts k\u00f6nnen Sie sich an den Datenschutzbeauftragten von ______________________ unter der E-Mail-Adresse ______________________ oder telefonisch unter ______________________ wenden.<\/p>\n","protected":false},"excerpt":{"rendered":"<p>Datenschutzrichtlinie Letzte Aktualisierung: 28.07.2025 &nbsp; &nbsp; 1. Cookie-Richtlinie Diese Richtlinie bezieht sich auf Cookies und \u00e4hnliche Technologien, die gegebenenfalls auf Websites der S.C. __________ SRL mit Sitz in Stra\u00dfe __________ verwendet werden. Cookies werden f\u00fcr folgende Zwecke verwendet: f\u00fcr den Betrieb der Website, zur Analyse des Verhaltens der Website-Besucher, f\u00fcr Werbung. Diese Richtlinie wird erg\u00e4nzt [&hellip;]<\/p>\n","protected":false},"author":1,"featured_media":0,"parent":0,"menu_order":0,"comment_status":"closed","ping_status":"closed","template":"","meta":{"_acf_changed":false,"inline_featured_image":false,"footnotes":""},"class_list":["post-865","page","type-page","status-publish","hentry"],"acf":[],"yoast_head":"<!-- This site is optimized with the Yoast SEO plugin v25.7 - https:\/\/yoast.com\/wordpress\/plugins\/seo\/ -->\n<title>Datenschutzrichtlinie - Saral<\/title>\n<meta name=\"robots\" content=\"index, follow, max-snippet:-1, max-image-preview:large, max-video-preview:-1\" \/>\n<link rel=\"canonical\" href=\"https:\/\/saral.ro\/de\/datenschutzrichtlinie\/\" \/>\n<meta property=\"og:locale\" content=\"de_DE\" \/>\n<meta property=\"og:type\" content=\"article\" \/>\n<meta property=\"og:title\" content=\"Datenschutzrichtlinie - Saral\" \/>\n<meta property=\"og:description\" content=\"Datenschutzrichtlinie Letzte Aktualisierung: 28.07.2025 &nbsp; &nbsp; 1. Cookie-Richtlinie Diese Richtlinie bezieht sich auf Cookies und \u00e4hnliche Technologien, die gegebenenfalls auf Websites der S.C. __________ SRL mit Sitz in Stra\u00dfe __________ verwendet werden. Cookies werden f\u00fcr folgende Zwecke verwendet: f\u00fcr den Betrieb der Website, zur Analyse des Verhaltens der Website-Besucher, f\u00fcr Werbung. Diese Richtlinie wird erg\u00e4nzt [&hellip;]\" \/>\n<meta property=\"og:url\" content=\"https:\/\/saral.ro\/de\/datenschutzrichtlinie\/\" \/>\n<meta property=\"og:site_name\" content=\"Saral\" \/>\n<meta property=\"article:modified_time\" content=\"2025-07-28T07:52:14+00:00\" \/>\n<meta property=\"og:image\" content=\"https:\/\/saral.ro\/wp-content\/uploads\/2025\/07\/social.jpg\" \/>\n\t<meta property=\"og:image:width\" content=\"1200\" \/>\n\t<meta property=\"og:image:height\" content=\"620\" \/>\n\t<meta property=\"og:image:type\" content=\"image\/jpeg\" \/>\n<meta name=\"twitter:card\" content=\"summary_large_image\" \/>\n<meta name=\"twitter:label1\" content=\"Gesch\u00e4tzte Lesezeit\" \/>\n\t<meta name=\"twitter:data1\" content=\"10\u00a0Minuten\" \/>\n<script type=\"application\/ld+json\" class=\"yoast-schema-graph\">{\"@context\":\"https:\/\/schema.org\",\"@graph\":[{\"@type\":\"WebPage\",\"@id\":\"https:\/\/saral.ro\/de\/datenschutzrichtlinie\/\",\"url\":\"https:\/\/saral.ro\/de\/datenschutzrichtlinie\/\",\"name\":\"Datenschutzrichtlinie - Saral\",\"isPartOf\":{\"@id\":\"https:\/\/saral.ro\/de\/#website\"},\"datePublished\":\"2025-07-03T14:29:18+00:00\",\"dateModified\":\"2025-07-28T07:52:14+00:00\",\"breadcrumb\":{\"@id\":\"https:\/\/saral.ro\/de\/datenschutzrichtlinie\/#breadcrumb\"},\"inLanguage\":\"de\",\"potentialAction\":[{\"@type\":\"ReadAction\",\"target\":[\"https:\/\/saral.ro\/de\/datenschutzrichtlinie\/\"]}]},{\"@type\":\"BreadcrumbList\",\"@id\":\"https:\/\/saral.ro\/de\/datenschutzrichtlinie\/#breadcrumb\",\"itemListElement\":[{\"@type\":\"ListItem\",\"position\":1,\"name\":\"Startseite\",\"item\":\"https:\/\/saral.ro\/de\/\"},{\"@type\":\"ListItem\",\"position\":2,\"name\":\"Datenschutzrichtlinie\"}]},{\"@type\":\"WebSite\",\"@id\":\"https:\/\/saral.ro\/de\/#website\",\"url\":\"https:\/\/saral.ro\/de\/\",\"name\":\"Saral\",\"description\":\"\",\"publisher\":{\"@id\":\"https:\/\/saral.ro\/de\/#organization\"},\"potentialAction\":[{\"@type\":\"SearchAction\",\"target\":{\"@type\":\"EntryPoint\",\"urlTemplate\":\"https:\/\/saral.ro\/de\/?s={search_term_string}\"},\"query-input\":{\"@type\":\"PropertyValueSpecification\",\"valueRequired\":true,\"valueName\":\"search_term_string\"}}],\"inLanguage\":\"de\"},{\"@type\":\"Organization\",\"@id\":\"https:\/\/saral.ro\/de\/#organization\",\"name\":\"Saral\",\"url\":\"https:\/\/saral.ro\/de\/\",\"logo\":{\"@type\":\"ImageObject\",\"inLanguage\":\"de\",\"@id\":\"https:\/\/saral.ro\/de\/#\/schema\/logo\/image\/\",\"url\":\"https:\/\/saral.ro\/wp-content\/uploads\/2025\/07\/screenshot.png\",\"contentUrl\":\"https:\/\/saral.ro\/wp-content\/uploads\/2025\/07\/screenshot.png\",\"width\":774,\"height\":600,\"caption\":\"Saral\"},\"image\":{\"@id\":\"https:\/\/saral.ro\/de\/#\/schema\/logo\/image\/\"}}]}<\/script>\n<!-- \/ Yoast SEO plugin. -->","yoast_head_json":{"title":"Datenschutzrichtlinie - Saral","robots":{"index":"index","follow":"follow","max-snippet":"max-snippet:-1","max-image-preview":"max-image-preview:large","max-video-preview":"max-video-preview:-1"},"canonical":"https:\/\/saral.ro\/de\/datenschutzrichtlinie\/","og_locale":"de_DE","og_type":"article","og_title":"Datenschutzrichtlinie - Saral","og_description":"Datenschutzrichtlinie Letzte Aktualisierung: 28.07.2025 &nbsp; &nbsp; 1. Cookie-Richtlinie Diese Richtlinie bezieht sich auf Cookies und \u00e4hnliche Technologien, die gegebenenfalls auf Websites der S.C. __________ SRL mit Sitz in Stra\u00dfe __________ verwendet werden. Cookies werden f\u00fcr folgende Zwecke verwendet: f\u00fcr den Betrieb der Website, zur Analyse des Verhaltens der Website-Besucher, f\u00fcr Werbung. Diese Richtlinie wird erg\u00e4nzt [&hellip;]","og_url":"https:\/\/saral.ro\/de\/datenschutzrichtlinie\/","og_site_name":"Saral","article_modified_time":"2025-07-28T07:52:14+00:00","og_image":[{"width":1200,"height":620,"url":"https:\/\/saral.ro\/wp-content\/uploads\/2025\/07\/social.jpg","type":"image\/jpeg"}],"twitter_card":"summary_large_image","twitter_misc":{"Gesch\u00e4tzte Lesezeit":"10\u00a0Minuten"},"schema":{"@context":"https:\/\/schema.org","@graph":[{"@type":"WebPage","@id":"https:\/\/saral.ro\/de\/datenschutzrichtlinie\/","url":"https:\/\/saral.ro\/de\/datenschutzrichtlinie\/","name":"Datenschutzrichtlinie - Saral","isPartOf":{"@id":"https:\/\/saral.ro\/de\/#website"},"datePublished":"2025-07-03T14:29:18+00:00","dateModified":"2025-07-28T07:52:14+00:00","breadcrumb":{"@id":"https:\/\/saral.ro\/de\/datenschutzrichtlinie\/#breadcrumb"},"inLanguage":"de","potentialAction":[{"@type":"ReadAction","target":["https:\/\/saral.ro\/de\/datenschutzrichtlinie\/"]}]},{"@type":"BreadcrumbList","@id":"https:\/\/saral.ro\/de\/datenschutzrichtlinie\/#breadcrumb","itemListElement":[{"@type":"ListItem","position":1,"name":"Startseite","item":"https:\/\/saral.ro\/de\/"},{"@type":"ListItem","position":2,"name":"Datenschutzrichtlinie"}]},{"@type":"WebSite","@id":"https:\/\/saral.ro\/de\/#website","url":"https:\/\/saral.ro\/de\/","name":"Saral","description":"","publisher":{"@id":"https:\/\/saral.ro\/de\/#organization"},"potentialAction":[{"@type":"SearchAction","target":{"@type":"EntryPoint","urlTemplate":"https:\/\/saral.ro\/de\/?s={search_term_string}"},"query-input":{"@type":"PropertyValueSpecification","valueRequired":true,"valueName":"search_term_string"}}],"inLanguage":"de"},{"@type":"Organization","@id":"https:\/\/saral.ro\/de\/#organization","name":"Saral","url":"https:\/\/saral.ro\/de\/","logo":{"@type":"ImageObject","inLanguage":"de","@id":"https:\/\/saral.ro\/de\/#\/schema\/logo\/image\/","url":"https:\/\/saral.ro\/wp-content\/uploads\/2025\/07\/screenshot.png","contentUrl":"https:\/\/saral.ro\/wp-content\/uploads\/2025\/07\/screenshot.png","width":774,"height":600,"caption":"Saral"},"image":{"@id":"https:\/\/saral.ro\/de\/#\/schema\/logo\/image\/"}}]}},"_links":{"self":[{"href":"https:\/\/saral.ro\/de\/wp-json\/wp\/v2\/pages\/865","targetHints":{"allow":["GET"]}}],"collection":[{"href":"https:\/\/saral.ro\/de\/wp-json\/wp\/v2\/pages"}],"about":[{"href":"https:\/\/saral.ro\/de\/wp-json\/wp\/v2\/types\/page"}],"author":[{"embeddable":true,"href":"https:\/\/saral.ro\/de\/wp-json\/wp\/v2\/users\/1"}],"replies":[{"embeddable":true,"href":"https:\/\/saral.ro\/de\/wp-json\/wp\/v2\/comments?post=865"}],"version-history":[{"count":0,"href":"https:\/\/saral.ro\/de\/wp-json\/wp\/v2\/pages\/865\/revisions"}],"wp:attachment":[{"href":"https:\/\/saral.ro\/de\/wp-json\/wp\/v2\/media?parent=865"}],"curies":[{"name":"wp","href":"https:\/\/api.w.org\/{rel}","templated":true}]}}