{"id":777,"date":"2025-07-03T14:48:48","date_gmt":"2025-07-03T11:48:48","guid":{"rendered":"http:\/\/saral.ro\/?page_id=777"},"modified":"2025-08-25T16:14:42","modified_gmt":"2025-08-25T13:14:42","slug":"leistungen","status":"publish","type":"page","link":"https:\/\/saral.ro\/de\/leistungen\/","title":{"rendered":"Leistungen"},"content":{"rendered":"","protected":false},"excerpt":{"rendered":"","protected":false},"author":1,"featured_media":0,"parent":0,"menu_order":0,"comment_status":"closed","ping_status":"closed","template":"templates\/page-general.php","meta":{"_acf_changed":false,"inline_featured_image":false,"footnotes":""},"class_list":["post-777","page","type-page","status-publish","hentry"],"acf":[],"yoast_head":"<!-- This site is optimized with the Yoast SEO plugin v25.7 - https:\/\/yoast.com\/wordpress\/plugins\/seo\/ -->\n<title>SARAL Leistungen \u2013 Trocknung, Optimierung &amp; Holzgravur<\/title>\n<meta name=\"description\" content=\"Entdecken Sie SARALs Leistungen: Holztrocknung, Optimierung, CNC-Fr\u00e4sen, Keilzinkung, Laserschneiden und Gravur. Komplettl\u00f6sungen f\u00fcr Massivholz.\" \/>\n<meta name=\"robots\" content=\"index, follow, max-snippet:-1, max-image-preview:large, max-video-preview:-1\" \/>\n<link rel=\"canonical\" href=\"https:\/\/saral.ro\/de\/leistungen\/\" \/>\n<meta property=\"og:locale\" content=\"de_DE\" \/>\n<meta property=\"og:type\" content=\"article\" \/>\n<meta property=\"og:title\" content=\"SARAL Leistungen \u2013 Trocknung, Optimierung &amp; Holzgravur\" \/>\n<meta property=\"og:description\" content=\"Entdecken Sie SARALs Leistungen: Holztrocknung, Optimierung, CNC-Fr\u00e4sen, Keilzinkung, Laserschneiden und Gravur. Komplettl\u00f6sungen f\u00fcr Massivholz.\" \/>\n<meta property=\"og:url\" content=\"https:\/\/saral.ro\/de\/leistungen\/\" \/>\n<meta property=\"og:site_name\" content=\"Saral\" \/>\n<meta property=\"article:modified_time\" content=\"2025-08-25T13:14:42+00:00\" \/>\n<meta property=\"og:image\" content=\"https:\/\/saral.ro\/wp-content\/uploads\/2025\/07\/social.jpg\" \/>\n\t<meta property=\"og:image:width\" content=\"1200\" \/>\n\t<meta property=\"og:image:height\" content=\"620\" \/>\n\t<meta property=\"og:image:type\" content=\"image\/jpeg\" \/>\n<meta name=\"twitter:card\" content=\"summary_large_image\" \/>\n<script type=\"application\/ld+json\" class=\"yoast-schema-graph\">{\"@context\":\"https:\/\/schema.org\",\"@graph\":[{\"@type\":\"WebPage\",\"@id\":\"https:\/\/saral.ro\/de\/leistungen\/\",\"url\":\"https:\/\/saral.ro\/de\/leistungen\/\",\"name\":\"SARAL Leistungen \u2013 Trocknung, Optimierung & Holzgravur\",\"isPartOf\":{\"@id\":\"https:\/\/saral.ro\/de\/#website\"},\"datePublished\":\"2025-07-03T11:48:48+00:00\",\"dateModified\":\"2025-08-25T13:14:42+00:00\",\"description\":\"Entdecken Sie SARALs Leistungen: Holztrocknung, Optimierung, CNC-Fr\u00e4sen, Keilzinkung, Laserschneiden und Gravur. Komplettl\u00f6sungen f\u00fcr Massivholz.\",\"breadcrumb\":{\"@id\":\"https:\/\/saral.ro\/de\/leistungen\/#breadcrumb\"},\"inLanguage\":\"de\",\"potentialAction\":[{\"@type\":\"ReadAction\",\"target\":[\"https:\/\/saral.ro\/de\/leistungen\/\"]}]},{\"@type\":\"BreadcrumbList\",\"@id\":\"https:\/\/saral.ro\/de\/leistungen\/#breadcrumb\",\"itemListElement\":[{\"@type\":\"ListItem\",\"position\":1,\"name\":\"Startseite\",\"item\":\"https:\/\/saral.ro\/de\/\"},{\"@type\":\"ListItem\",\"position\":2,\"name\":\"Leistungen\"}]},{\"@type\":\"WebSite\",\"@id\":\"https:\/\/saral.ro\/de\/#website\",\"url\":\"https:\/\/saral.ro\/de\/\",\"name\":\"Saral\",\"description\":\"\",\"publisher\":{\"@id\":\"https:\/\/saral.ro\/de\/#organization\"},\"potentialAction\":[{\"@type\":\"SearchAction\",\"target\":{\"@type\":\"EntryPoint\",\"urlTemplate\":\"https:\/\/saral.ro\/de\/?s={search_term_string}\"},\"query-input\":{\"@type\":\"PropertyValueSpecification\",\"valueRequired\":true,\"valueName\":\"search_term_string\"}}],\"inLanguage\":\"de\"},{\"@type\":\"Organization\",\"@id\":\"https:\/\/saral.ro\/de\/#organization\",\"name\":\"Saral\",\"url\":\"https:\/\/saral.ro\/de\/\",\"logo\":{\"@type\":\"ImageObject\",\"inLanguage\":\"de\",\"@id\":\"https:\/\/saral.ro\/de\/#\/schema\/logo\/image\/\",\"url\":\"https:\/\/saral.ro\/wp-content\/uploads\/2025\/07\/screenshot.png\",\"contentUrl\":\"https:\/\/saral.ro\/wp-content\/uploads\/2025\/07\/screenshot.png\",\"width\":774,\"height\":600,\"caption\":\"Saral\"},\"image\":{\"@id\":\"https:\/\/saral.ro\/de\/#\/schema\/logo\/image\/\"}}]}<\/script>\n<!-- \/ Yoast SEO plugin. -->","yoast_head_json":{"title":"SARAL Leistungen \u2013 Trocknung, Optimierung & Holzgravur","description":"Entdecken Sie SARALs Leistungen: Holztrocknung, Optimierung, CNC-Fr\u00e4sen, Keilzinkung, Laserschneiden und Gravur. Komplettl\u00f6sungen f\u00fcr Massivholz.","robots":{"index":"index","follow":"follow","max-snippet":"max-snippet:-1","max-image-preview":"max-image-preview:large","max-video-preview":"max-video-preview:-1"},"canonical":"https:\/\/saral.ro\/de\/leistungen\/","og_locale":"de_DE","og_type":"article","og_title":"SARAL Leistungen \u2013 Trocknung, Optimierung & Holzgravur","og_description":"Entdecken Sie SARALs Leistungen: Holztrocknung, Optimierung, CNC-Fr\u00e4sen, Keilzinkung, Laserschneiden und Gravur. Komplettl\u00f6sungen f\u00fcr Massivholz.","og_url":"https:\/\/saral.ro\/de\/leistungen\/","og_site_name":"Saral","article_modified_time":"2025-08-25T13:14:42+00:00","og_image":[{"width":1200,"height":620,"url":"https:\/\/saral.ro\/wp-content\/uploads\/2025\/07\/social.jpg","type":"image\/jpeg"}],"twitter_card":"summary_large_image","schema":{"@context":"https:\/\/schema.org","@graph":[{"@type":"WebPage","@id":"https:\/\/saral.ro\/de\/leistungen\/","url":"https:\/\/saral.ro\/de\/leistungen\/","name":"SARAL Leistungen \u2013 Trocknung, Optimierung & Holzgravur","isPartOf":{"@id":"https:\/\/saral.ro\/de\/#website"},"datePublished":"2025-07-03T11:48:48+00:00","dateModified":"2025-08-25T13:14:42+00:00","description":"Entdecken Sie SARALs Leistungen: Holztrocknung, Optimierung, CNC-Fr\u00e4sen, Keilzinkung, Laserschneiden und Gravur. Komplettl\u00f6sungen f\u00fcr Massivholz.","breadcrumb":{"@id":"https:\/\/saral.ro\/de\/leistungen\/#breadcrumb"},"inLanguage":"de","potentialAction":[{"@type":"ReadAction","target":["https:\/\/saral.ro\/de\/leistungen\/"]}]},{"@type":"BreadcrumbList","@id":"https:\/\/saral.ro\/de\/leistungen\/#breadcrumb","itemListElement":[{"@type":"ListItem","position":1,"name":"Startseite","item":"https:\/\/saral.ro\/de\/"},{"@type":"ListItem","position":2,"name":"Leistungen"}]},{"@type":"WebSite","@id":"https:\/\/saral.ro\/de\/#website","url":"https:\/\/saral.ro\/de\/","name":"Saral","description":"","publisher":{"@id":"https:\/\/saral.ro\/de\/#organization"},"potentialAction":[{"@type":"SearchAction","target":{"@type":"EntryPoint","urlTemplate":"https:\/\/saral.ro\/de\/?s={search_term_string}"},"query-input":{"@type":"PropertyValueSpecification","valueRequired":true,"valueName":"search_term_string"}}],"inLanguage":"de"},{"@type":"Organization","@id":"https:\/\/saral.ro\/de\/#organization","name":"Saral","url":"https:\/\/saral.ro\/de\/","logo":{"@type":"ImageObject","inLanguage":"de","@id":"https:\/\/saral.ro\/de\/#\/schema\/logo\/image\/","url":"https:\/\/saral.ro\/wp-content\/uploads\/2025\/07\/screenshot.png","contentUrl":"https:\/\/saral.ro\/wp-content\/uploads\/2025\/07\/screenshot.png","width":774,"height":600,"caption":"Saral"},"image":{"@id":"https:\/\/saral.ro\/de\/#\/schema\/logo\/image\/"}}]}},"_links":{"self":[{"href":"https:\/\/saral.ro\/de\/wp-json\/wp\/v2\/pages\/777","targetHints":{"allow":["GET"]}}],"collection":[{"href":"https:\/\/saral.ro\/de\/wp-json\/wp\/v2\/pages"}],"about":[{"href":"https:\/\/saral.ro\/de\/wp-json\/wp\/v2\/types\/page"}],"author":[{"embeddable":true,"href":"https:\/\/saral.ro\/de\/wp-json\/wp\/v2\/users\/1"}],"replies":[{"embeddable":true,"href":"https:\/\/saral.ro\/de\/wp-json\/wp\/v2\/comments?post=777"}],"version-history":[{"count":1,"href":"https:\/\/saral.ro\/de\/wp-json\/wp\/v2\/pages\/777\/revisions"}],"predecessor-version":[{"id":2417,"href":"https:\/\/saral.ro\/de\/wp-json\/wp\/v2\/pages\/777\/revisions\/2417"}],"wp:attachment":[{"href":"https:\/\/saral.ro\/de\/wp-json\/wp\/v2\/media?parent=777"}],"curies":[{"name":"wp","href":"https:\/\/api.w.org\/{rel}","templated":true}]}}